{"id":3765,"date":"2022-07-20T08:29:11","date_gmt":"2022-07-20T08:29:11","guid":{"rendered":"https:\/\/gallopack.com\/?post_type=product&#038;p=3765"},"modified":"2022-08-09T07:34:32","modified_gmt":"2022-08-09T07:34:32","slug":"double-wall-paper-cup","status":"publish","type":"product","link":"https:\/\/gallopack.com\/pt\/produto\/double-wall-paper-cup\/","title":{"rendered":"Copo de papel de parede dupla"},"content":{"rendered":"<p><img fetchpriority=\"high\" decoding=\"async\" class=\"alignnone size-full wp-image-5651\" src=\"https:\/\/gallopack.com\/wp-content\/uploads\/2022\/07\/double-wall-paper-cup_00_\u526f\u672c.jpg\" alt=\"double wall paper cup\" width=\"1587\" height=\"771\" srcset=\"https:\/\/gallopack.com\/wp-content\/uploads\/2022\/07\/double-wall-paper-cup_00_\u526f\u672c.jpg 1587w, https:\/\/gallopack.com\/wp-content\/uploads\/2022\/07\/double-wall-paper-cup_00_\u526f\u672c-300x146.jpg 300w, https:\/\/gallopack.com\/wp-content\/uploads\/2022\/07\/double-wall-paper-cup_00_\u526f\u672c-1024x497.jpg 1024w, https:\/\/gallopack.com\/wp-content\/uploads\/2022\/07\/double-wall-paper-cup_00_\u526f\u672c-768x373.jpg 768w, https:\/\/gallopack.com\/wp-content\/uploads\/2022\/07\/double-wall-paper-cup_00_\u526f\u672c-1536x746.jpg 1536w, https:\/\/gallopack.com\/wp-content\/uploads\/2022\/07\/double-wall-paper-cup_00_\u526f\u672c-18x9.jpg 18w, https:\/\/gallopack.com\/wp-content\/uploads\/2022\/07\/double-wall-paper-cup_00_\u526f\u672c-600x291.jpg 600w\" sizes=\"(max-width: 1587px) 100vw, 1587px\" \/><\/p>","protected":false},"excerpt":{"rendered":"<p>Personaliza\u00e7\u00e3o significa que fazemos pequenos ajustes em produtos padr\u00e3o com base nos requisitos dos clientes.<br \/>\nNormalmente inclui a adi\u00e7\u00e3o de logotipo, tamanho diferente, altera\u00e7\u00e3o de material e pequena altera\u00e7\u00e3o de design.<br \/>\nA personaliza\u00e7\u00e3o \u00e9 a partir das demandas de nossos clientes e fazemos de acordo.<br \/>\nTodas as coisas sobre personaliza\u00e7\u00e3o s\u00e3o em torno de produtos. Mas a personaliza\u00e7\u00e3o \u00e9 diferente da solu\u00e7\u00e3o de embalagem.<br \/>\nPor favor, consulte nossa equipe se voc\u00ea tiver uma solicita\u00e7\u00e3o que n\u00e3o possa ser coberta em nossos produtos padr\u00e3o.<\/p>","protected":false},"featured_media":3766,"comment_status":"closed","ping_status":"closed","template":"","meta":{"site-sidebar-layout":"default","site-content-layout":"default","ast-site-content-layout":"default","site-content-style":"default","site-sidebar-style":"default","ast-global-header-display":"","ast-banner-title-visibility":"","ast-main-header-display":"","ast-hfb-above-header-display":"","ast-hfb-below-header-display":"","ast-hfb-mobile-header-display":"","site-post-title":"","ast-breadcrumbs-content":"","ast-featured-img":"","footer-sml-layout":"","theme-transparent-header-meta":"default","adv-header-id-meta":"","stick-header-meta":"","header-above-stick-meta":"","header-main-stick-meta":"","header-below-stick-meta":"","astra-migrate-meta-layouts":"default","ast-page-background-enabled":"default","ast-page-background-meta":{"desktop":{"background-color":"","background-image":"","background-repeat":"repeat","background-position":"center center","background-size":"auto","background-attachment":"scroll","background-type":"","background-media":"","overlay-type":"","overlay-color":"","overlay-opacity":"","overlay-gradient":""},"tablet":{"background-color":"","background-image":"","background-repeat":"repeat","background-position":"center center","background-size":"auto","background-attachment":"scroll","background-type":"","background-media":"","overlay-type":"","overlay-color":"","overlay-opacity":"","overlay-gradient":""},"mobile":{"background-color":"","background-image":"","background-repeat":"repeat","background-position":"center center","background-size":"auto","background-attachment":"scroll","background-type":"","background-media":"","overlay-type":"","overlay-color":"","overlay-opacity":"","overlay-gradient":""}},"ast-content-background-meta":{"desktop":{"background-color":"var(--ast-global-color-5)","background-image":"","background-repeat":"repeat","background-position":"center center","background-size":"auto","background-attachment":"scroll","background-type":"","background-media":"","overlay-type":"","overlay-color":"","overlay-opacity":"","overlay-gradient":""},"tablet":{"background-color":"var(--ast-global-color-5)","background-image":"","background-repeat":"repeat","background-position":"center center","background-size":"auto","background-attachment":"scroll","background-type":"","background-media":"","overlay-type":"","overlay-color":"","overlay-opacity":"","overlay-gradient":""},"mobile":{"background-color":"var(--ast-global-color-5)","background-image":"","background-repeat":"repeat","background-position":"center center","background-size":"auto","background-attachment":"scroll","background-type":"","background-media":"","overlay-type":"","overlay-color":"","overlay-opacity":"","overlay-gradient":""}}},"product_brand":[],"product_cat":[64],"product_tag":[],"class_list":{"0":"post-3765","1":"product","2":"type-product","3":"status-publish","4":"has-post-thumbnail","6":"product_cat-paper-cup","8":"first","9":"instock","10":"shipping-taxable","11":"product-type-simple"},"yoast_head":"<!-- This site is optimized with the Yoast SEO Premium plugin v20.12 (Yoast SEO v22.7) - https:\/\/yoast.com\/wordpress\/plugins\/seo\/ -->\n<title>Double Wall Paper Cup - Food&amp;Beverage,Coffee&amp;Chocolate Customizable Packaging Solution<\/title>\n<meta name=\"robots\" content=\"index, follow, max-snippet:-1, max-image-preview:large, max-video-preview:-1\" \/>\n<link rel=\"canonical\" href=\"https:\/\/gallopack.com\/pt\/produto\/double-wall-paper-cup\/\" \/>\n<meta property=\"og:locale\" content=\"pt_PT\" \/>\n<meta property=\"og:type\" content=\"article\" \/>\n<meta property=\"og:title\" content=\"Double Wall Paper Cup\" \/>\n<meta property=\"og:description\" content=\"Customization means we make minor adjustments on standard products based on requirements from clients. Normally it includes adding logo, different size, material change, and minor design change. Customization is from our clients\u2019s demands and we do it accordingly. All things about customization is around products. But Customization is different from packaging solution. Please consult our team if you have request that can not be covered in our standard products.\" \/>\n<meta property=\"og:url\" content=\"https:\/\/gallopack.com\/pt\/produto\/double-wall-paper-cup\/\" \/>\n<meta property=\"og:site_name\" content=\"Food&amp;Beverage,Coffee&amp;Chocolate Customizable Packaging Solution\" \/>\n<meta property=\"article:publisher\" content=\"https:\/\/www.facebook.com\/Gallopack\" \/>\n<meta property=\"article:modified_time\" content=\"2022-08-09T07:34:32+00:00\" \/>\n<meta property=\"og:image\" content=\"https:\/\/gallopack.com\/wp-content\/uploads\/2022\/07\/double-wall-1.png\" \/>\n\t<meta property=\"og:image:width\" content=\"1600\" \/>\n\t<meta property=\"og:image:height\" content=\"1200\" \/>\n\t<meta property=\"og:image:type\" content=\"image\/png\" \/>\n<meta name=\"twitter:card\" content=\"summary_large_image\" \/>\n<script type=\"application\/ld+json\" class=\"yoast-schema-graph\">{\"@context\":\"https:\/\/schema.org\",\"@graph\":[{\"@type\":\"WebPage\",\"@id\":\"https:\/\/gallopack.com\/product\/double-wall-paper-cup\/\",\"url\":\"https:\/\/gallopack.com\/product\/double-wall-paper-cup\/\",\"name\":\"Double Wall Paper Cup - Food&amp;Beverage,Coffee&amp;Chocolate Customizable Packaging Solution\",\"isPartOf\":{\"@id\":\"https:\/\/gallopack.com\/#website\"},\"primaryImageOfPage\":{\"@id\":\"https:\/\/gallopack.com\/product\/double-wall-paper-cup\/#primaryimage\"},\"image\":{\"@id\":\"https:\/\/gallopack.com\/product\/double-wall-paper-cup\/#primaryimage\"},\"thumbnailUrl\":\"https:\/\/gallopack.com\/wp-content\/uploads\/2022\/07\/double-wall-1.png\",\"datePublished\":\"2022-07-20T08:29:11+00:00\",\"dateModified\":\"2022-08-09T07:34:32+00:00\",\"breadcrumb\":{\"@id\":\"https:\/\/gallopack.com\/product\/double-wall-paper-cup\/#breadcrumb\"},\"inLanguage\":\"pt-PT\",\"potentialAction\":[{\"@type\":\"ReadAction\",\"target\":[\"https:\/\/gallopack.com\/product\/double-wall-paper-cup\/\"]}]},{\"@type\":\"ImageObject\",\"inLanguage\":\"pt-PT\",\"@id\":\"https:\/\/gallopack.com\/product\/double-wall-paper-cup\/#primaryimage\",\"url\":\"https:\/\/gallopack.com\/wp-content\/uploads\/2022\/07\/double-wall-1.png\",\"contentUrl\":\"https:\/\/gallopack.com\/wp-content\/uploads\/2022\/07\/double-wall-1.png\",\"width\":1600,\"height\":1200,\"caption\":\"Double Wall Paper Cup\"},{\"@type\":\"BreadcrumbList\",\"@id\":\"https:\/\/gallopack.com\/product\/double-wall-paper-cup\/#breadcrumb\",\"itemListElement\":[{\"@type\":\"ListItem\",\"position\":1,\"name\":\"\u9996\u9875\",\"item\":\"https:\/\/gallopack.com\/\"},{\"@type\":\"ListItem\",\"position\":2,\"name\":\"Products\",\"item\":\"https:\/\/gallopack.com\/shop\/\"},{\"@type\":\"ListItem\",\"position\":3,\"name\":\"Double Wall Paper Cup\"}]},{\"@type\":\"WebSite\",\"@id\":\"https:\/\/gallopack.com\/#website\",\"url\":\"https:\/\/gallopack.com\/\",\"name\":\"Food&amp;Beverage,Coffee&amp;Chocolate Customizable Packaging Solution\",\"description\":\"Food&amp;Beverage,Coffee&amp;Chocolate Customizable Packaging Solution\",\"publisher\":{\"@id\":\"https:\/\/gallopack.com\/#organization\"},\"potentialAction\":[{\"@type\":\"SearchAction\",\"target\":{\"@type\":\"EntryPoint\",\"urlTemplate\":\"https:\/\/gallopack.com\/?s={search_term_string}\"},\"query-input\":\"required name=search_term_string\"}],\"inLanguage\":\"pt-PT\"},{\"@type\":\"Organization\",\"@id\":\"https:\/\/gallopack.com\/#organization\",\"name\":\"GALLOPACK\",\"url\":\"https:\/\/gallopack.com\/\",\"logo\":{\"@type\":\"ImageObject\",\"inLanguage\":\"pt-PT\",\"@id\":\"https:\/\/gallopack.com\/#\/schema\/logo\/image\/\",\"url\":\"https:\/\/gallopack.com\/wp-content\/uploads\/2022\/07\/\u5fae\u4fe1\u56fe\u7247_20220706161540.png\",\"contentUrl\":\"https:\/\/gallopack.com\/wp-content\/uploads\/2022\/07\/\u5fae\u4fe1\u56fe\u7247_20220706161540.png\",\"width\":781,\"height\":221,\"caption\":\"GALLOPACK\"},\"image\":{\"@id\":\"https:\/\/gallopack.com\/#\/schema\/logo\/image\/\"},\"sameAs\":[\"https:\/\/www.facebook.com\/Gallopack\"]}]}<\/script>\n<!-- \/ Yoast SEO Premium plugin. -->","yoast_head_json":{"title":"Double Wall Paper Cup - Food&amp;Beverage,Coffee&amp;Chocolate Customizable Packaging Solution","robots":{"index":"index","follow":"follow","max-snippet":"max-snippet:-1","max-image-preview":"max-image-preview:large","max-video-preview":"max-video-preview:-1"},"canonical":"https:\/\/gallopack.com\/pt\/produto\/double-wall-paper-cup\/","og_locale":"pt_PT","og_type":"article","og_title":"Double Wall Paper Cup","og_description":"Customization means we make minor adjustments on standard products based on requirements from clients. Normally it includes adding logo, different size, material change, and minor design change. Customization is from our clients\u2019s demands and we do it accordingly. All things about customization is around products. But Customization is different from packaging solution. Please consult our team if you have request that can not be covered in our standard products.","og_url":"https:\/\/gallopack.com\/pt\/produto\/double-wall-paper-cup\/","og_site_name":"Food&amp;Beverage,Coffee&amp;Chocolate Customizable Packaging Solution","article_publisher":"https:\/\/www.facebook.com\/Gallopack","article_modified_time":"2022-08-09T07:34:32+00:00","og_image":[{"width":1600,"height":1200,"url":"https:\/\/gallopack.com\/wp-content\/uploads\/2022\/07\/double-wall-1.png","type":"image\/png"}],"twitter_card":"summary_large_image","schema":{"@context":"https:\/\/schema.org","@graph":[{"@type":"WebPage","@id":"https:\/\/gallopack.com\/product\/double-wall-paper-cup\/","url":"https:\/\/gallopack.com\/product\/double-wall-paper-cup\/","name":"Double Wall Paper Cup - Food&amp;Beverage,Coffee&amp;Chocolate Customizable Packaging Solution","isPartOf":{"@id":"https:\/\/gallopack.com\/#website"},"primaryImageOfPage":{"@id":"https:\/\/gallopack.com\/product\/double-wall-paper-cup\/#primaryimage"},"image":{"@id":"https:\/\/gallopack.com\/product\/double-wall-paper-cup\/#primaryimage"},"thumbnailUrl":"https:\/\/gallopack.com\/wp-content\/uploads\/2022\/07\/double-wall-1.png","datePublished":"2022-07-20T08:29:11+00:00","dateModified":"2022-08-09T07:34:32+00:00","breadcrumb":{"@id":"https:\/\/gallopack.com\/product\/double-wall-paper-cup\/#breadcrumb"},"inLanguage":"pt-PT","potentialAction":[{"@type":"ReadAction","target":["https:\/\/gallopack.com\/product\/double-wall-paper-cup\/"]}]},{"@type":"ImageObject","inLanguage":"pt-PT","@id":"https:\/\/gallopack.com\/product\/double-wall-paper-cup\/#primaryimage","url":"https:\/\/gallopack.com\/wp-content\/uploads\/2022\/07\/double-wall-1.png","contentUrl":"https:\/\/gallopack.com\/wp-content\/uploads\/2022\/07\/double-wall-1.png","width":1600,"height":1200,"caption":"Double Wall Paper Cup"},{"@type":"BreadcrumbList","@id":"https:\/\/gallopack.com\/product\/double-wall-paper-cup\/#breadcrumb","itemListElement":[{"@type":"ListItem","position":1,"name":"\u9996\u9875","item":"https:\/\/gallopack.com\/"},{"@type":"ListItem","position":2,"name":"Products","item":"https:\/\/gallopack.com\/shop\/"},{"@type":"ListItem","position":3,"name":"Double Wall Paper Cup"}]},{"@type":"WebSite","@id":"https:\/\/gallopack.com\/#website","url":"https:\/\/gallopack.com\/","name":"Solu\u00e7\u00e3o de embalagem personaliz\u00e1vel para alimentos e bebidas, caf\u00e9 e chocolate","description":"Solu\u00e7\u00e3o de embalagem personaliz\u00e1vel para alimentos e bebidas, caf\u00e9 e chocolate","publisher":{"@id":"https:\/\/gallopack.com\/#organization"},"potentialAction":[{"@type":"SearchAction","target":{"@type":"EntryPoint","urlTemplate":"https:\/\/gallopack.com\/?s={search_term_string}"},"query-input":"required name=search_term_string"}],"inLanguage":"pt-PT"},{"@type":"Organization","@id":"https:\/\/gallopack.com\/#organization","name":"GALLOPACK","url":"https:\/\/gallopack.com\/","logo":{"@type":"ImageObject","inLanguage":"pt-PT","@id":"https:\/\/gallopack.com\/#\/schema\/logo\/image\/","url":"https:\/\/gallopack.com\/wp-content\/uploads\/2022\/07\/\u5fae\u4fe1\u56fe\u7247_20220706161540.png","contentUrl":"https:\/\/gallopack.com\/wp-content\/uploads\/2022\/07\/\u5fae\u4fe1\u56fe\u7247_20220706161540.png","width":781,"height":221,"caption":"GALLOPACK"},"image":{"@id":"https:\/\/gallopack.com\/#\/schema\/logo\/image\/"},"sameAs":["https:\/\/www.facebook.com\/Gallopack"]}]}},"_links":{"self":[{"href":"https:\/\/gallopack.com\/pt\/wp-json\/wp\/v2\/product\/3765","targetHints":{"allow":["GET"]}}],"collection":[{"href":"https:\/\/gallopack.com\/pt\/wp-json\/wp\/v2\/product"}],"about":[{"href":"https:\/\/gallopack.com\/pt\/wp-json\/wp\/v2\/types\/product"}],"replies":[{"embeddable":true,"href":"https:\/\/gallopack.com\/pt\/wp-json\/wp\/v2\/comments?post=3765"}],"version-history":[{"count":4,"href":"https:\/\/gallopack.com\/pt\/wp-json\/wp\/v2\/product\/3765\/revisions"}],"predecessor-version":[{"id":5600,"href":"https:\/\/gallopack.com\/pt\/wp-json\/wp\/v2\/product\/3765\/revisions\/5600"}],"wp:featuredmedia":[{"embeddable":true,"href":"https:\/\/gallopack.com\/pt\/wp-json\/wp\/v2\/media\/3766"}],"wp:attachment":[{"href":"https:\/\/gallopack.com\/pt\/wp-json\/wp\/v2\/media?parent=3765"}],"wp:term":[{"taxonomy":"product_brand","embeddable":true,"href":"https:\/\/gallopack.com\/pt\/wp-json\/wp\/v2\/product_brand?post=3765"},{"taxonomy":"product_cat","embeddable":true,"href":"https:\/\/gallopack.com\/pt\/wp-json\/wp\/v2\/product_cat?post=3765"},{"taxonomy":"product_tag","embeddable":true,"href":"https:\/\/gallopack.com\/pt\/wp-json\/wp\/v2\/product_tag?post=3765"}],"curies":[{"name":"wp","href":"https:\/\/api.w.org\/{rel}","templated":true}]}}