{"id":2979,"date":"2022-07-13T07:32:30","date_gmt":"2022-07-13T07:32:30","guid":{"rendered":"https:\/\/gallopack.com\/?page_id=2979"},"modified":"2022-07-31T01:51:28","modified_gmt":"2022-07-31T01:51:28","slug":"news","status":"publish","type":"page","link":"https:\/\/gallopack.com\/de_de_formal\/news\/","title":{"rendered":"Nachrichten"},"content":{"rendered":"<div data-elementor-type=\"wp-page\" data-elementor-id=\"2979\" class=\"elementor elementor-2979\" data-elementor-post-type=\"page\">\n\t\t\t\t\t\t<section class=\"elementor-section elementor-top-section elementor-element elementor-element-5v5392w elementor-section-content-middle elementor-section-boxed elementor-section-height-default elementor-section-height-default\" data-id=\"5v5392w\" data-element_type=\"section\" data-settings=\"{&quot;background_background&quot;:&quot;classic&quot;}\">\n\t\t\t\t\t\t\t<div class=\"elementor-background-overlay\"><\/div>\n\t\t\t\t\t\t\t<div class=\"elementor-container elementor-column-gap-no\">\n\t\t\t\t\t<div class=\"elementor-column elementor-col-100 elementor-top-column elementor-element elementor-element-b1952b1\" data-id=\"b1952b1\" data-element_type=\"column\">\n\t\t\t<div class=\"elementor-widget-wrap elementor-element-populated\">\n\t\t\t\t\t\t<div class=\"elementor-element elementor-element-03b93f0 elementor-widget elementor-widget-heading\" data-id=\"03b93f0\" data-element_type=\"widget\" data-widget_type=\"heading.default\">\n\t\t\t\t<div class=\"elementor-widget-container\">\n\t\t\t\t\t<h1 class=\"elementor-heading-title elementor-size-default\">Nachrichten<\/h1>\t\t\t\t<\/div>\n\t\t\t\t<\/div>\n\t\t\t\t<div class=\"elementor-element elementor-element-b03e2ca elementor-widget elementor-widget-text-editor\" data-id=\"b03e2ca\" data-element_type=\"widget\" data-widget_type=\"text-editor.default\">\n\t\t\t\t<div class=\"elementor-widget-container\">\n\t\t\t\t\t\t\t\t\t<p style=\"text-align: center;\"><span style=\"color: #ffffff;\">Folgen Sie uns, um erweiterte Verpackungsinformationen zu erhalten!<\/span><\/p>\t\t\t\t\t\t\t\t<\/div>\n\t\t\t\t<\/div>\n\t\t\t\t\t<\/div>\n\t\t<\/div>\n\t\t\t\t\t<\/div>\n\t\t<\/section>\n\t\t\t\t<section class=\"elementor-section elementor-top-section elementor-element elementor-element-94caa2b elementor-section-boxed elementor-section-height-default elementor-section-height-default\" data-id=\"94caa2b\" data-element_type=\"section\">\n\t\t\t\t\t\t<div class=\"elementor-container elementor-column-gap-default\">\n\t\t\t\t\t<div class=\"elementor-column elementor-col-100 elementor-top-column elementor-element elementor-element-4f13278\" data-id=\"4f13278\" data-element_type=\"column\">\n\t\t\t<div class=\"elementor-widget-wrap elementor-element-populated\">\n\t\t\t\t\t\t<div class=\"elementor-element elementor-element-24f7bc3 elementor-posts--align-center elementor-grid-3 elementor-grid-tablet-2 elementor-grid-mobile-1 elementor-posts--thumbnail-top elementor-widget elementor-widget-posts\" data-id=\"24f7bc3\" data-element_type=\"widget\" data-settings=\"{&quot;classic_columns&quot;:&quot;3&quot;,&quot;classic_columns_tablet&quot;:&quot;2&quot;,&quot;classic_columns_mobile&quot;:&quot;1&quot;,&quot;classic_row_gap&quot;:{&quot;unit&quot;:&quot;px&quot;,&quot;size&quot;:35,&quot;sizes&quot;:[]},&quot;classic_row_gap_tablet&quot;:{&quot;unit&quot;:&quot;px&quot;,&quot;size&quot;:&quot;&quot;,&quot;sizes&quot;:[]},&quot;classic_row_gap_mobile&quot;:{&quot;unit&quot;:&quot;px&quot;,&quot;size&quot;:&quot;&quot;,&quot;sizes&quot;:[]}}\" data-widget_type=\"posts.classic\">\n\t\t\t\t<div class=\"elementor-widget-container\">\n\t\t\t\t\t\t\t<div class=\"elementor-posts-container elementor-posts elementor-posts--skin-classic elementor-grid\">\n\t\t\t\t<article class=\"elementor-post elementor-grid-item post-5743 post type-post status-publish format-standard has-post-thumbnail hentry category-uncategorized\">\n\t\t\t\t<a class=\"elementor-post__thumbnail__link\" href=\"https:\/\/gallopack.com\/de_de_formal\/coffee-roaster-and-coffee-packaging\/\" tabindex=\"-1\" >\n\t\t\t<div class=\"elementor-post__thumbnail\"><img fetchpriority=\"high\" decoding=\"async\" width=\"800\" height=\"500\" src=\"https:\/\/gallopack.com\/wp-content\/uploads\/2022\/07\/packaging-solution-2-1.png\" class=\"attachment-large size-large wp-image-5453\" alt=\"packaging solution\" srcset=\"https:\/\/gallopack.com\/wp-content\/uploads\/2022\/07\/packaging-solution-2-1.png 800w, https:\/\/gallopack.com\/wp-content\/uploads\/2022\/07\/packaging-solution-2-1-300x188.png 300w, https:\/\/gallopack.com\/wp-content\/uploads\/2022\/07\/packaging-solution-2-1-768x480.png 768w, https:\/\/gallopack.com\/wp-content\/uploads\/2022\/07\/packaging-solution-2-1-600x375.png 600w\" sizes=\"(max-width: 800px) 100vw, 800px\" \/><\/div>\n\t\t<\/a>\n\t\t\t\t<div class=\"elementor-post__text\">\n\t\t\t\t<h3 class=\"elementor-post__title\">\n\t\t\t<a href=\"https:\/\/gallopack.com\/de_de_formal\/coffee-roaster-and-coffee-packaging\/\" >\n\t\t\t\tKaffeer\u00f6ster und Kaffeeverpackung\t\t\t<\/a>\n\t\t<\/h3>\n\t\t\t\t<div class=\"elementor-post__meta-data\">\n\t\t\t\t\t<span class=\"elementor-post-date\">\n\t\t\t5. Oktober 2022\t\t<\/span>\n\t\t\t\t<\/div>\n\t\t\t\t<div class=\"elementor-post__excerpt\">\n\t\t\t<p>Wir helfen Kaffeespezialit\u00e4tenr\u00f6stern, die perfekte Verpackung f\u00fcr ihre Produkte zu finden. Fortschritte in der Verpackungstechnologie haben es R\u00f6stern erm\u00f6glicht, ihre Kaffeeangebote an die Verbraucher zu senden<\/p>\n\t\t<\/div>\n\t\t\t\t\t<div class=\"elementor-post__read-more-wrapper\">\n\t\t\n\t\t<a class=\"elementor-post__read-more\" href=\"https:\/\/gallopack.com\/de_de_formal\/coffee-roaster-and-coffee-packaging\/\" aria-label=\"Lesen Sie mehr \u00fcber Kaffeer\u00f6ster und Kaffeeverpackungen\" tabindex=\"-1\" >\n\t\t\tWeiterlesen &quot;\t\t<\/a>\n\n\t\t\t\t\t<\/div>\n\t\t\t\t<\/div>\n\t\t\t\t<\/article>\n\t\t\t\t<article class=\"elementor-post elementor-grid-item post-5739 post type-post status-publish format-standard has-post-thumbnail hentry category-uncategorized\">\n\t\t\t\t<a class=\"elementor-post__thumbnail__link\" href=\"https:\/\/gallopack.com\/de_de_formal\/coffee-cup-and-lunch-box\/\" tabindex=\"-1\" >\n\t\t\t<div class=\"elementor-post__thumbnail\"><img decoding=\"async\" width=\"800\" height=\"500\" src=\"https:\/\/gallopack.com\/wp-content\/uploads\/2022\/07\/Coffee-PouchBakery-Packaging-9-1.png\" class=\"attachment-large size-large wp-image-5451\" alt=\"Coffee Pouch&amp;Bakery Packaging (9)\" srcset=\"https:\/\/gallopack.com\/wp-content\/uploads\/2022\/07\/Coffee-PouchBakery-Packaging-9-1.png 800w, https:\/\/gallopack.com\/wp-content\/uploads\/2022\/07\/Coffee-PouchBakery-Packaging-9-1-300x188.png 300w, https:\/\/gallopack.com\/wp-content\/uploads\/2022\/07\/Coffee-PouchBakery-Packaging-9-1-768x480.png 768w, https:\/\/gallopack.com\/wp-content\/uploads\/2022\/07\/Coffee-PouchBakery-Packaging-9-1-600x375.png 600w\" sizes=\"(max-width: 800px) 100vw, 800px\" \/><\/div>\n\t\t<\/a>\n\t\t\t\t<div class=\"elementor-post__text\">\n\t\t\t\t<h3 class=\"elementor-post__title\">\n\t\t\t<a href=\"https:\/\/gallopack.com\/de_de_formal\/coffee-cup-and-lunch-box\/\" >\n\t\t\t\tKaffeetasse und Brotdose\t\t\t<\/a>\n\t\t<\/h3>\n\t\t\t\t<div class=\"elementor-post__meta-data\">\n\t\t\t\t\t<span class=\"elementor-post-date\">\n\t\t\t15. September 2022\t\t<\/span>\n\t\t\t\t<\/div>\n\t\t\t\t<div class=\"elementor-post__excerpt\">\n\t\t\t<p>Nat\u00fcrlich trinkt jeder jeden Tag Kaffee und isst zu Mittag. Daran besteht kein Zweifel. Wenn Sie gute Laune haben, kaufen Sie eine Tasse Kaffee<\/p>\n\t\t<\/div>\n\t\t\t\t\t<div class=\"elementor-post__read-more-wrapper\">\n\t\t\n\t\t<a class=\"elementor-post__read-more\" href=\"https:\/\/gallopack.com\/de_de_formal\/coffee-cup-and-lunch-box\/\" aria-label=\"Lesen Sie mehr \u00fcber Kaffeetasse und Lunchbox\" tabindex=\"-1\" >\n\t\t\tWeiterlesen &quot;\t\t<\/a>\n\n\t\t\t\t\t<\/div>\n\t\t\t\t<\/div>\n\t\t\t\t<\/article>\n\t\t\t\t<article class=\"elementor-post elementor-grid-item post-5300 post type-post status-publish format-standard has-post-thumbnail hentry category-uncategorized\">\n\t\t\t\t<a class=\"elementor-post__thumbnail__link\" href=\"https:\/\/gallopack.com\/de_de_formal\/the-development-history-of-paper-cups\/\" tabindex=\"-1\" >\n\t\t\t<div class=\"elementor-post__thumbnail\"><img decoding=\"async\" width=\"1024\" height=\"543\" src=\"https:\/\/gallopack.com\/wp-content\/uploads\/2022\/07\/coffee-cup-14-1024x543.png\" class=\"attachment-large size-large wp-image-4966\" alt=\"coffee cup\" srcset=\"https:\/\/gallopack.com\/wp-content\/uploads\/2022\/07\/coffee-cup-14-1024x543.png 1024w, https:\/\/gallopack.com\/wp-content\/uploads\/2022\/07\/coffee-cup-14-300x159.png 300w, https:\/\/gallopack.com\/wp-content\/uploads\/2022\/07\/coffee-cup-14-768x407.png 768w, https:\/\/gallopack.com\/wp-content\/uploads\/2022\/07\/coffee-cup-14-600x318.png 600w, https:\/\/gallopack.com\/wp-content\/uploads\/2022\/07\/coffee-cup-14.png 1200w\" sizes=\"(max-width: 1024px) 100vw, 1024px\" \/><\/div>\n\t\t<\/a>\n\t\t\t\t<div class=\"elementor-post__text\">\n\t\t\t\t<h3 class=\"elementor-post__title\">\n\t\t\t<a href=\"https:\/\/gallopack.com\/de_de_formal\/the-development-history-of-paper-cups\/\" >\n\t\t\t\tDie Entwicklungsgeschichte der Pappbecher\t\t\t<\/a>\n\t\t<\/h3>\n\t\t\t\t<div class=\"elementor-post__meta-data\">\n\t\t\t\t\t<span class=\"elementor-post-date\">\n\t\t\t27. Juli 2022\t\t<\/span>\n\t\t\t\t<\/div>\n\t\t\t\t<div class=\"elementor-post__excerpt\">\n\t\t\t<p>Die Geschichte der Pappbecher durchlief vier Etappen: 1. Kegel-Pappbecher Konische\/gefaltete Pappbecher Die ersten Pappbecher, die herauskamen, waren<\/p>\n\t\t<\/div>\n\t\t\t\t\t<div class=\"elementor-post__read-more-wrapper\">\n\t\t\n\t\t<a class=\"elementor-post__read-more\" href=\"https:\/\/gallopack.com\/de_de_formal\/the-development-history-of-paper-cups\/\" aria-label=\"Lesen Sie mehr \u00fcber die Entwicklungsgeschichte von Pappbechern\" tabindex=\"-1\" >\n\t\t\tWeiterlesen &quot;\t\t<\/a>\n\n\t\t\t\t\t<\/div>\n\t\t\t\t<\/div>\n\t\t\t\t<\/article>\n\t\t\t\t<article class=\"elementor-post elementor-grid-item post-5298 post type-post status-publish format-standard has-post-thumbnail hentry category-uncategorized\">\n\t\t\t\t<a class=\"elementor-post__thumbnail__link\" href=\"https:\/\/gallopack.com\/de_de_formal\/the-production-process-of-paper-tableware\/\" tabindex=\"-1\" >\n\t\t\t<div class=\"elementor-post__thumbnail\"><img loading=\"lazy\" decoding=\"async\" width=\"1024\" height=\"622\" src=\"https:\/\/gallopack.com\/wp-content\/uploads\/2022\/07\/coffee-cup-19-1024x622.png\" class=\"attachment-large size-large wp-image-4971\" alt=\"coffee cup\" srcset=\"https:\/\/gallopack.com\/wp-content\/uploads\/2022\/07\/coffee-cup-19-1024x622.png 1024w, https:\/\/gallopack.com\/wp-content\/uploads\/2022\/07\/coffee-cup-19-300x182.png 300w, https:\/\/gallopack.com\/wp-content\/uploads\/2022\/07\/coffee-cup-19-768x467.png 768w, https:\/\/gallopack.com\/wp-content\/uploads\/2022\/07\/coffee-cup-19-600x365.png 600w, https:\/\/gallopack.com\/wp-content\/uploads\/2022\/07\/coffee-cup-19.png 1200w\" sizes=\"(max-width: 1024px) 100vw, 1024px\" \/><\/div>\n\t\t<\/a>\n\t\t\t\t<div class=\"elementor-post__text\">\n\t\t\t\t<h3 class=\"elementor-post__title\">\n\t\t\t<a href=\"https:\/\/gallopack.com\/de_de_formal\/the-production-process-of-paper-tableware\/\" >\n\t\t\t\tDer Produktionsprozess von Papiergeschirr\t\t\t<\/a>\n\t\t<\/h3>\n\t\t\t\t<div class=\"elementor-post__meta-data\">\n\t\t\t\t\t<span class=\"elementor-post-date\">\n\t\t\t27. Juli 2022\t\t<\/span>\n\t\t\t\t<\/div>\n\t\t\t\t<div class=\"elementor-post__excerpt\">\n\t\t\t<p>Papiergeschirr ist ein Geschirr, das von Menschen anstelle von Metall und Kunststoff verwendet werden kann, das durch Vakuumadsorptionsformen, Trocknen und hergestellt wird<\/p>\n\t\t<\/div>\n\t\t\t\t\t<div class=\"elementor-post__read-more-wrapper\">\n\t\t\n\t\t<a class=\"elementor-post__read-more\" href=\"https:\/\/gallopack.com\/de_de_formal\/the-production-process-of-paper-tableware\/\" aria-label=\"Lesen Sie mehr \u00fcber den Produktionsprozess von Papiergeschirr\" tabindex=\"-1\" >\n\t\t\tWeiterlesen &quot;\t\t<\/a>\n\n\t\t\t\t\t<\/div>\n\t\t\t\t<\/div>\n\t\t\t\t<\/article>\n\t\t\t\t<article class=\"elementor-post elementor-grid-item post-3157 post type-post status-publish format-standard has-post-thumbnail hentry category-uncategorized\">\n\t\t\t\t<a class=\"elementor-post__thumbnail__link\" href=\"https:\/\/gallopack.com\/de_de_formal\/7-of-the-most-popular-packaging-types\/\" tabindex=\"-1\" >\n\t\t\t<div class=\"elementor-post__thumbnail\"><img loading=\"lazy\" decoding=\"async\" width=\"1024\" height=\"613\" src=\"https:\/\/gallopack.com\/wp-content\/uploads\/2022\/07\/\u5fae\u4fe1\u56fe\u7247_2022072219140016-1024x613.png\" class=\"attachment-large size-large wp-image-4944\" alt=\"paper cup\" srcset=\"https:\/\/gallopack.com\/wp-content\/uploads\/2022\/07\/\u5fae\u4fe1\u56fe\u7247_2022072219140016-1024x613.png 1024w, https:\/\/gallopack.com\/wp-content\/uploads\/2022\/07\/\u5fae\u4fe1\u56fe\u7247_2022072219140016-300x180.png 300w, https:\/\/gallopack.com\/wp-content\/uploads\/2022\/07\/\u5fae\u4fe1\u56fe\u7247_2022072219140016-768x460.png 768w, https:\/\/gallopack.com\/wp-content\/uploads\/2022\/07\/\u5fae\u4fe1\u56fe\u7247_2022072219140016-1536x920.png 1536w, https:\/\/gallopack.com\/wp-content\/uploads\/2022\/07\/\u5fae\u4fe1\u56fe\u7247_2022072219140016-600x359.png 600w, https:\/\/gallopack.com\/wp-content\/uploads\/2022\/07\/\u5fae\u4fe1\u56fe\u7247_2022072219140016.png 1708w\" sizes=\"(max-width: 1024px) 100vw, 1024px\" \/><\/div>\n\t\t<\/a>\n\t\t\t\t<div class=\"elementor-post__text\">\n\t\t\t\t<h3 class=\"elementor-post__title\">\n\t\t\t<a href=\"https:\/\/gallopack.com\/de_de_formal\/7-of-the-most-popular-packaging-types\/\" >\n\t\t\t\tWas sind 7 der beliebtesten Verpackungsarten?\t\t\t<\/a>\n\t\t<\/h3>\n\t\t\t\t<div class=\"elementor-post__meta-data\">\n\t\t\t\t\t<span class=\"elementor-post-date\">\n\t\t\t15. Juli 2022\t\t<\/span>\n\t\t\t\t<\/div>\n\t\t\t\t<div class=\"elementor-post__excerpt\">\n\t\t\t<p>Kommen Sie gerade mit einem neuen Produkt heraus? Hier sind die 7 beliebtesten Verpackungsarten, die Sie bei der Fertigstellung einer Verpackungsl\u00f6sung ber\u00fccksichtigen sollten. Als Zusammenfassung<\/p>\n\t\t<\/div>\n\t\t\t\t\t<div class=\"elementor-post__read-more-wrapper\">\n\t\t\n\t\t<a class=\"elementor-post__read-more\" href=\"https:\/\/gallopack.com\/de_de_formal\/7-of-the-most-popular-packaging-types\/\" aria-label=\"Lesen Sie mehr \u00fcber die 7 beliebtesten Verpackungsarten\" tabindex=\"-1\" >\n\t\t\tWeiterlesen &quot;\t\t<\/a>\n\n\t\t\t\t\t<\/div>\n\t\t\t\t<\/div>\n\t\t\t\t<\/article>\n\t\t\t\t<\/div>\n\t\t\n\t\t\t\t\t\t<\/div>\n\t\t\t\t<\/div>\n\t\t\t\t\t<\/div>\n\t\t<\/div>\n\t\t\t\t\t<\/div>\n\t\t<\/section>\n\t\t\t\t<\/div>","protected":false},"excerpt":{"rendered":"<p>Neuigkeiten Folgen Sie uns, um erweiterte Verpackungsinformationen zu erhalten!<\/p>","protected":false},"author":1,"featured_media":0,"parent":0,"menu_order":0,"comment_status":"closed","ping_status":"closed","template":"","meta":{"site-sidebar-layout":"no-sidebar","site-content-layout":"page-builder","ast-site-content-layout":"default","site-content-style":"default","site-sidebar-style":"default","ast-global-header-display":"","ast-banner-title-visibility":"","ast-main-header-display":"","ast-hfb-above-header-display":"","ast-hfb-below-header-display":"","ast-hfb-mobile-header-display":"","site-post-title":"disabled","ast-breadcrumbs-content":"","ast-featured-img":"disabled","footer-sml-layout":"","theme-transparent-header-meta":"","adv-header-id-meta":"","stick-header-meta":"","header-above-stick-meta":"","header-main-stick-meta":"","header-below-stick-meta":"","astra-migrate-meta-layouts":"default","ast-page-background-enabled":"default","ast-page-background-meta":{"desktop":{"background-color":"","background-image":"","background-repeat":"repeat","background-position":"center center","background-size":"auto","background-attachment":"scroll","background-type":"","background-media":"","overlay-type":"","overlay-color":"","overlay-opacity":"","overlay-gradient":""},"tablet":{"background-color":"","background-image":"","background-repeat":"repeat","background-position":"center center","background-size":"auto","background-attachment":"scroll","background-type":"","background-media":"","overlay-type":"","overlay-color":"","overlay-opacity":"","overlay-gradient":""},"mobile":{"background-color":"","background-image":"","background-repeat":"repeat","background-position":"center center","background-size":"auto","background-attachment":"scroll","background-type":"","background-media":"","overlay-type":"","overlay-color":"","overlay-opacity":"","overlay-gradient":""}},"ast-content-background-meta":{"desktop":{"background-color":"var(--ast-global-color-5)","background-image":"","background-repeat":"repeat","background-position":"center center","background-size":"auto","background-attachment":"scroll","background-type":"","background-media":"","overlay-type":"","overlay-color":"","overlay-opacity":"","overlay-gradient":""},"tablet":{"background-color":"var(--ast-global-color-5)","background-image":"","background-repeat":"repeat","background-position":"center center","background-size":"auto","background-attachment":"scroll","background-type":"","background-media":"","overlay-type":"","overlay-color":"","overlay-opacity":"","overlay-gradient":""},"mobile":{"background-color":"var(--ast-global-color-5)","background-image":"","background-repeat":"repeat","background-position":"center center","background-size":"auto","background-attachment":"scroll","background-type":"","background-media":"","overlay-type":"","overlay-color":"","overlay-opacity":"","overlay-gradient":""}},"footnotes":""},"class_list":["post-2979","page","type-page","status-publish","hentry"],"yoast_head":"<!-- This site is optimized with the Yoast SEO Premium plugin v20.12 (Yoast SEO v22.7) - https:\/\/yoast.com\/wordpress\/plugins\/seo\/ -->\n<title>News - Food&amp;Beverage,Coffee&amp;Chocolate Customizable Packaging Solution<\/title>\n<meta name=\"robots\" content=\"index, follow, max-snippet:-1, max-image-preview:large, max-video-preview:-1\" \/>\n<link rel=\"canonical\" href=\"https:\/\/gallopack.com\/de_de_formal\/news\/\" \/>\n<meta property=\"og:locale\" content=\"de_DE\" \/>\n<meta property=\"og:type\" content=\"article\" \/>\n<meta property=\"og:title\" content=\"News\" \/>\n<meta property=\"og:description\" content=\"News Follow us to get the advanced packaging information!\" \/>\n<meta property=\"og:url\" content=\"https:\/\/gallopack.com\/de_de_formal\/news\/\" \/>\n<meta property=\"og:site_name\" content=\"Food&amp;Beverage,Coffee&amp;Chocolate Customizable Packaging Solution\" \/>\n<meta property=\"article:publisher\" content=\"https:\/\/www.facebook.com\/Gallopack\" \/>\n<meta property=\"article:modified_time\" content=\"2022-07-31T01:51:28+00:00\" \/>\n<meta name=\"twitter:card\" content=\"summary_large_image\" \/>\n<script type=\"application\/ld+json\" class=\"yoast-schema-graph\">{\"@context\":\"https:\/\/schema.org\",\"@graph\":[{\"@type\":\"WebPage\",\"@id\":\"https:\/\/gallopack.com\/news\/\",\"url\":\"https:\/\/gallopack.com\/news\/\",\"name\":\"News - Food&amp;Beverage,Coffee&amp;Chocolate Customizable Packaging Solution\",\"isPartOf\":{\"@id\":\"https:\/\/gallopack.com\/#website\"},\"datePublished\":\"2022-07-13T07:32:30+00:00\",\"dateModified\":\"2022-07-31T01:51:28+00:00\",\"breadcrumb\":{\"@id\":\"https:\/\/gallopack.com\/news\/#breadcrumb\"},\"inLanguage\":\"de\",\"potentialAction\":[{\"@type\":\"ReadAction\",\"target\":[\"https:\/\/gallopack.com\/news\/\"]}]},{\"@type\":\"BreadcrumbList\",\"@id\":\"https:\/\/gallopack.com\/news\/#breadcrumb\",\"itemListElement\":[{\"@type\":\"ListItem\",\"position\":1,\"name\":\"\u9996\u9875\",\"item\":\"https:\/\/gallopack.com\/\"},{\"@type\":\"ListItem\",\"position\":2,\"name\":\"News\"}]},{\"@type\":\"WebSite\",\"@id\":\"https:\/\/gallopack.com\/#website\",\"url\":\"https:\/\/gallopack.com\/\",\"name\":\"Food&amp;Beverage,Coffee&amp;Chocolate Customizable Packaging Solution\",\"description\":\"Food&amp;Beverage,Coffee&amp;Chocolate Customizable Packaging Solution\",\"publisher\":{\"@id\":\"https:\/\/gallopack.com\/#organization\"},\"potentialAction\":[{\"@type\":\"SearchAction\",\"target\":{\"@type\":\"EntryPoint\",\"urlTemplate\":\"https:\/\/gallopack.com\/?s={search_term_string}\"},\"query-input\":\"required name=search_term_string\"}],\"inLanguage\":\"de\"},{\"@type\":\"Organization\",\"@id\":\"https:\/\/gallopack.com\/#organization\",\"name\":\"GALLOPACK\",\"url\":\"https:\/\/gallopack.com\/\",\"logo\":{\"@type\":\"ImageObject\",\"inLanguage\":\"de\",\"@id\":\"https:\/\/gallopack.com\/#\/schema\/logo\/image\/\",\"url\":\"https:\/\/gallopack.com\/wp-content\/uploads\/2022\/07\/\u5fae\u4fe1\u56fe\u7247_20220706161540.png\",\"contentUrl\":\"https:\/\/gallopack.com\/wp-content\/uploads\/2022\/07\/\u5fae\u4fe1\u56fe\u7247_20220706161540.png\",\"width\":781,\"height\":221,\"caption\":\"GALLOPACK\"},\"image\":{\"@id\":\"https:\/\/gallopack.com\/#\/schema\/logo\/image\/\"},\"sameAs\":[\"https:\/\/www.facebook.com\/Gallopack\"]}]}<\/script>\n<!-- \/ Yoast SEO Premium plugin. -->","yoast_head_json":{"title":"News - Food&amp;Beverage,Coffee&amp;Chocolate Customizable Packaging Solution","robots":{"index":"index","follow":"follow","max-snippet":"max-snippet:-1","max-image-preview":"max-image-preview:large","max-video-preview":"max-video-preview:-1"},"canonical":"https:\/\/gallopack.com\/de_de_formal\/news\/","og_locale":"de_DE","og_type":"article","og_title":"News","og_description":"News Follow us to get the advanced packaging information!","og_url":"https:\/\/gallopack.com\/de_de_formal\/news\/","og_site_name":"Food&amp;Beverage,Coffee&amp;Chocolate Customizable Packaging Solution","article_publisher":"https:\/\/www.facebook.com\/Gallopack","article_modified_time":"2022-07-31T01:51:28+00:00","twitter_card":"summary_large_image","schema":{"@context":"https:\/\/schema.org","@graph":[{"@type":"WebPage","@id":"https:\/\/gallopack.com\/news\/","url":"https:\/\/gallopack.com\/news\/","name":"News - Food&amp;Beverage,Coffee&amp;Chocolate Customizable Packaging Solution","isPartOf":{"@id":"https:\/\/gallopack.com\/#website"},"datePublished":"2022-07-13T07:32:30+00:00","dateModified":"2022-07-31T01:51:28+00:00","breadcrumb":{"@id":"https:\/\/gallopack.com\/news\/#breadcrumb"},"inLanguage":"de","potentialAction":[{"@type":"ReadAction","target":["https:\/\/gallopack.com\/news\/"]}]},{"@type":"BreadcrumbList","@id":"https:\/\/gallopack.com\/news\/#breadcrumb","itemListElement":[{"@type":"ListItem","position":1,"name":"\u9996\u9875","item":"https:\/\/gallopack.com\/"},{"@type":"ListItem","position":2,"name":"News"}]},{"@type":"WebSite","@id":"https:\/\/gallopack.com\/#website","url":"https:\/\/gallopack.com\/","name":"Anpassbare Verpackungsl\u00f6sung f\u00fcr Lebensmittel und Getr\u00e4nke, Kaffee und Schokolade","description":"Anpassbare Verpackungsl\u00f6sung f\u00fcr Lebensmittel und Getr\u00e4nke, Kaffee und Schokolade","publisher":{"@id":"https:\/\/gallopack.com\/#organization"},"potentialAction":[{"@type":"SearchAction","target":{"@type":"EntryPoint","urlTemplate":"https:\/\/gallopack.com\/?s={search_term_string}"},"query-input":"required name=search_term_string"}],"inLanguage":"de"},{"@type":"Organization","@id":"https:\/\/gallopack.com\/#organization","name":"GALLOPACK","url":"https:\/\/gallopack.com\/","logo":{"@type":"ImageObject","inLanguage":"de","@id":"https:\/\/gallopack.com\/#\/schema\/logo\/image\/","url":"https:\/\/gallopack.com\/wp-content\/uploads\/2022\/07\/\u5fae\u4fe1\u56fe\u7247_20220706161540.png","contentUrl":"https:\/\/gallopack.com\/wp-content\/uploads\/2022\/07\/\u5fae\u4fe1\u56fe\u7247_20220706161540.png","width":781,"height":221,"caption":"GALLOPACK"},"image":{"@id":"https:\/\/gallopack.com\/#\/schema\/logo\/image\/"},"sameAs":["https:\/\/www.facebook.com\/Gallopack"]}]}},"_links":{"self":[{"href":"https:\/\/gallopack.com\/de_de_formal\/wp-json\/wp\/v2\/pages\/2979","targetHints":{"allow":["GET"]}}],"collection":[{"href":"https:\/\/gallopack.com\/de_de_formal\/wp-json\/wp\/v2\/pages"}],"about":[{"href":"https:\/\/gallopack.com\/de_de_formal\/wp-json\/wp\/v2\/types\/page"}],"author":[{"embeddable":true,"href":"https:\/\/gallopack.com\/de_de_formal\/wp-json\/wp\/v2\/users\/1"}],"replies":[{"embeddable":true,"href":"https:\/\/gallopack.com\/de_de_formal\/wp-json\/wp\/v2\/comments?post=2979"}],"version-history":[{"count":3,"href":"https:\/\/gallopack.com\/de_de_formal\/wp-json\/wp\/v2\/pages\/2979\/revisions"}],"predecessor-version":[{"id":5435,"href":"https:\/\/gallopack.com\/de_de_formal\/wp-json\/wp\/v2\/pages\/2979\/revisions\/5435"}],"wp:attachment":[{"href":"https:\/\/gallopack.com\/de_de_formal\/wp-json\/wp\/v2\/media?parent=2979"}],"curies":[{"name":"wp","href":"https:\/\/api.w.org\/{rel}","templated":true}]}}